{"id":836,"date":"2012-03-22T10:03:17","date_gmt":"2012-03-22T10:03:17","guid":{"rendered":"http:\/\/v3zmv.w4yserver.at\/faaa\/?page_id=41"},"modified":"2016-02-22T08:02:53","modified_gmt":"2016-02-22T08:02:53","slug":"kunden-partner-2","status":"publish","type":"page","link":"http:\/\/faa.at\/faae\/?page_id=836","title":{"rendered":"Partners and Customers"},"content":{"rendered":"<p>ADA, Austrian Development Agency, Wien<br \/>\naed, Agency for Economic Cooperation and Development, Wien<br \/>\nAKH, Allgemeines Krankenhaus, Wien<br \/>\nARC, Austrian Research Centers, Seibersdorf<br \/>\nAssocia\u00e7\u00e3o Portuguesa de Bancos, Lisbon<br \/>\nATC Consultants, Wien<br \/>\nATOS IT Solutions and Services, Wien<br \/>\nAustrian Airlines, Wien<br \/>\nAustrian Business Agency, Wien<br \/>\nAustro Control \u00d6sterreichische Gesellschaft f\u00fcr Zivilluftfahrt, Wien<br \/>\nAUVA, Allgemeine Unfallversicherungsanstalt, Wien<\/p>\n<p>Bankakademie, Frankfurt am Main<br \/>\nBBG, Bundesbeschaffung, Wien<br \/>\nBerenschot EuroManagement, Utrecht<br \/>\nBerlioz Consulting, Paris\/Brussels<br \/>\nBEWAG, Burgenl\u00e4ndische Elektrizit\u00e4tswirtschafts-Aktiengesellschaft, Eisenstadt<br \/>\nBildungswerk der Wirtschaft, Berlin<br \/>\nBocconi University, Milan<br \/>\nBritish Council, Wien<br \/>\nBRZ, Bundesrechenzentrum, Wien<br \/>\nBundesamt und Forschungszentrum f\u00fcr Landwirtschaft, Wien<br \/>\nBundesfinanzakademie, Wien<br \/>\nBundesministerium f\u00fcr Arbeit, Soziales und Konsumentenschutz, Wien<br \/>\nBundesministerium f\u00fcr europ\u00e4ische und internationale Angelegenheiten, Wien<br \/>\nBundesministerium f\u00fcr Finanzen, Wien<br \/>\nBundesministerium f\u00fcr Gesundheit, Wien<br \/>\nBundesministerium f\u00fcr Inneres, Wien<br \/>\nBundesministerium f\u00fcr Land- und Forstwirtschaft, Umwelt und Wasserwirtschaft, Wien<br \/>\nBundesministerium f\u00fcr Unterricht, Kunst und Kultur, Wien<br \/>\nBundesministerium f\u00fcr Verkehr, Innovation und Technologie, Wien<br \/>\nBundesministerium f\u00fcr Wirtschaft, Familie und Jugend, Wien<br \/>\nBundesministerium f\u00fcr Wissenschaft und Forschung, Wien<br \/>\nBVA, Versicherungsanstalt \u00f6ffentlich Bediensteter, Wien<br \/>\nBWB, Bundeswettbewerbsbeh\u00f6rde, Wien<\/p>\n<p>Capgemini Consulting \u00d6sterreich, Wien<br \/>\nCERTNET, Kassel<br \/>\nCFPB, Centre de Formation de la Profession Bancaire, Paris<br \/>\nCLC, Center of Legal Competence, Wien<\/p>\n<p>DBB, Deutscher Beamtenbund, Berlin<br \/>\nDeloitte, Bratislava<br \/>\nDeutsche Bank, Wien<br \/>\nDEZA, Direktion f\u00fcr Entwicklung und Zusammenarbeit, Bern<br \/>\nDHL International, Wien<br \/>\nDie Presse, Wien<br \/>\nDurham University Business School, Durham<\/p>\n<p>EADS, European Aeronautic Defence and Space Community, Ottobrunn<br \/>\nEPLC, European Public Law Center, Athens<br \/>\nEricsson Austria, Wien<br \/>\nErste Bank der \u00f6sterreichischen Sparkassen, Wien<br \/>\nEUNIDA, European Network of Implementing Development Agencies, Brussels<br \/>\nEurest Restaurationsbetriebsgesellschaft, Wien<br \/>\nEurop\u00e4isches Patentamt, Wien<br \/>\nEuropean Commission, Brussels<br \/>\nEuropean Telecom International, Wien<br \/>\nExco Group, Bucharest<\/p>\n<p>FCI, France Coop\u00e9ration Internationale, Paris<br \/>\nFEI, France Expertise Internationale, Paris<br \/>\nFG\u00d6, Fonds Gesundes \u00d6sterreich, Wien<br \/>\nFIIAPP, Fundaci\u00f3n Internacional y para Iberoam\u00e9rica de Administraci\u00f3n y Pol\u00edticas P\u00fablicas, Madrid<br \/>\nFlughafen Wien, Wien<\/p>\n<p>General Motors Austria, Wien<br \/>\nGIZ, Deutsche Gesellschaft f\u00fcr Internationale Zusammenarbeit, Eschborn<\/p>\n<p>HCL Consultants, Nicosia<br \/>\nHenkel, Wien<br \/>\nHilfswerk Austria International, Wien<br \/>\nHLB Consultants, Brussels<br \/>\nHTSPE, Hemel Hempstead<br \/>\nHypo-Vereinsbank, Wien<\/p>\n<p>IBF International Consulting, Brussels<br \/>\nIBM, Wien<br \/>\nICMPD, International Centre for Migration Policy Development, Wien<br \/>\nIFB, Instituto de Forma\u00e7\u00e3o Banc\u00e1ria, Lisbon<br \/>\nIV, Industriellenvereinigung, Wien<\/p>\n<p>Kapsch Business Com, Wien<\/p>\n<p>Lambard Management Consultants, Dublin<br \/>\nLRDP, Local and Regional Development Planning, London<br \/>\nLux-Development, Luxembourg<\/p>\n<p>Ministry of Finance, Budapest<br \/>\nMinistry of Finance, Skopje<br \/>\nMinistry of Social Security and Labour, Vilnius<br \/>\nM\u00dcNZE \u00d6sterreich, Wien<\/p>\n<p>National Bank of Slovakia, Bratislava<br \/>\nNI-CO, Northern Ireland Cooperation Overseas, Belfast<br \/>\nNomisma, Bologna<\/p>\n<p>OMV, Wien<br \/>\n\u00d6AMTC, \u00d6sterreichischer Automobil- und Touring-Club, Wien<br \/>\n\u00d6sterreichische Bundesforste, Wien<br \/>\n\u00d6sterreichische Kontrollbank, Wien<br \/>\n\u00d6sterreichischer St\u00e4dtebund, Wien<\/p>\n<p>Politische Akademie, Wien<\/p>\n<p>Qualysoft, Wien<\/p>\n<p>Raiffeisen Investment, Wien<br \/>\nReed Messe, Wien<\/p>\n<p>Schenker &amp; Co, Wien<br \/>\nSEMA Group, Brussels<br \/>\nSiemens, Wien<br \/>\nSkandia Austria Holding, Wien<br \/>\nSOS-Kinderdorf, Innsbruck<br \/>\nSPARDAT, Sparkassen-Datendienst, Wien<br \/>\nStadt Wien, Wien<br \/>\nSteria Mummert Consulting, Wien<br \/>\nSwarovski, Wattens<\/p>\n<p>T-Mobile, Wien<br \/>\nThales Austria, Wien<br \/>\nThe Crown Agents for Oversea Governments and Administrations, Sutton<br \/>\nTransfer Slovensko, Bratislava<\/p>\n<p>Umweltbundesamt, Wien<br \/>\nUniCredit Bank Austria, Wien<\/p>\n<p>Vista Group, Skopje<\/p>\n<p>WCO, World Customs Organization, Brussels<br \/>\nWGZ Bank, D\u00fcsseldorf<br \/>\nWien Energie Stromnetz, Wien<br \/>\nWiener B\u00f6rse, Wien<br \/>\nWiener Linien, Wien<br \/>\nWiener Lokalbahnen, Wien<br \/>\nWiener Stadtwerke Holding, Wien<br \/>\nWienerberger, Wien<br \/>\nWIFI, Wirtschaftsf\u00f6rderungsinstitut \u00d6sterreich, Wien<br \/>\nWKO, Wirtschaftskammer \u00d6sterreich, Wien<br \/>\nWolford, Bregenz<\/p>\n","protected":false},"excerpt":{"rendered":"<p>ADA, Austrian Development Agency, Wien aed, Agency for Economic Cooperation and Development, Wien AKH, Allgemeines Krankenhaus, Wien ARC, Austrian Research Centers, Seibersdorf Associa\u00e7\u00e3o Portuguesa de Bancos, Lisbon ATC Consultants, Wien ATOS IT Solutions and Services, Wien Austrian Airlines, Wien Austrian Business Agency, Wien Austro Control \u00d6sterreichische Gesellschaft f\u00fcr Zivilluftfahrt, Wien AUVA, Allgemeine Unfallversicherungsanstalt, Wien Bankakademie, Frankfurt am Main BBG, Bundesbeschaffung,&hellip;<\/p>\n","protected":false},"author":1,"featured_media":0,"parent":0,"menu_order":0,"comment_status":"closed","ping_status":"closed","template":"","meta":[],"_links":{"self":[{"href":"http:\/\/faa.at\/faae\/index.php?rest_route=\/wp\/v2\/pages\/836"}],"collection":[{"href":"http:\/\/faa.at\/faae\/index.php?rest_route=\/wp\/v2\/pages"}],"about":[{"href":"http:\/\/faa.at\/faae\/index.php?rest_route=\/wp\/v2\/types\/page"}],"author":[{"embeddable":true,"href":"http:\/\/faa.at\/faae\/index.php?rest_route=\/wp\/v2\/users\/1"}],"replies":[{"embeddable":true,"href":"http:\/\/faa.at\/faae\/index.php?rest_route=%2Fwp%2Fv2%2Fcomments&post=836"}],"version-history":[{"count":7,"href":"http:\/\/faa.at\/faae\/index.php?rest_route=\/wp\/v2\/pages\/836\/revisions"}],"predecessor-version":[{"id":944,"href":"http:\/\/faa.at\/faae\/index.php?rest_route=\/wp\/v2\/pages\/836\/revisions\/944"}],"wp:attachment":[{"href":"http:\/\/faa.at\/faae\/index.php?rest_route=%2Fwp%2Fv2%2Fmedia&parent=836"}],"curies":[{"name":"wp","href":"https:\/\/api.w.org\/{rel}","templated":true}]}}